{"id":2,"date":"2025-10-02T07:40:05","date_gmt":"2025-10-02T07:40:05","guid":{"rendered":"https:\/\/missticreations.ch\/?page_id=2"},"modified":"2025-10-08T20:32:12","modified_gmt":"2025-10-08T18:32:12","slug":"sample-page","status":"publish","type":"page","link":"https:\/\/www.missticreations.ch\/","title":{"rendered":"Homepage"},"content":{"rendered":"<p>[et_pb_section fb_built=&#187;1&#8243; admin_label=&#187;Header&#187; _builder_version=&#187;4.27.4&#8243; _module_preset=&#187;default&#187; background_enable_color=&#187;off&#187; background_image=&#187;https:\/\/www.missticreations.ch\/wp-content\/uploads\/2025\/10\/shoes-619526_1280.jpg&#187; custom_padding=&#187;||25vw||false|false&#187; border_radii=&#187;off|||5000px|5000px&#187; collapsed=&#187;on&#187; global_colors_info=&#187;{}&#187;][et_pb_row _builder_version=&#187;4.17.4&#8243; _module_preset=&#187;default&#187; locked=&#187;off&#187; global_colors_info=&#187;{}&#187;][et_pb_column type=&#187;4_4&#8243; _builder_version=&#187;4.17.4&#8243; _module_preset=&#187;default&#187; global_colors_info=&#187;{}&#187;][et_pb_text _builder_version=&#187;4.27.4&#8243; _module_preset=&#187;c16985e1-e0d6-4022-964d-e2bfc04fa633&#8243; header_font=&#187;Libre Bodoni|700|||||||&#187; header_text_color=&#187;#171B20&#8243; header_font_size=&#187;75px&#187; header_line_height=&#187;1.2em&#187; header_font_size_tablet=&#187;40px&#187; header_font_size_phone=&#187;24px&#187; header_font_size_last_edited=&#187;on|desktop&#187; global_colors_info=&#187;{}&#187;]<\/p>\n<h1>Miss Ti Creations<\/h1>\n<p>[\/et_pb_text][et_pb_text _builder_version=&#187;4.27.4&#8243; _module_preset=&#187;1f09816e-184e-4ce5-a4cf-b39c52c423ca&#187; text_font=&#187;Jost||||||||&#187; text_text_color=&#187;rgba(0,0,0,0.58)&#187; text_font_size=&#187;20px&#187; text_line_height=&#187;1.6em&#187; width=&#187;60%&#187; text_font_size_tablet=&#187;15px&#187; text_font_size_phone=&#187;14px&#187; text_font_size_last_edited=&#187;on|phone&#187; header_font_size_tablet=&#187;55px&#187; header_font_size_last_edited=&#187;off|desktop&#187; global_colors_info=&#187;{}&#187;]<\/p>\n<p data-start=\"255\" data-end=\"369\">Hier findest du liebevoll von Hand geh\u00e4kelte Amigurumis \u2013 jedes St\u00fcck ist ein Unikat mit ganz eigenem Charakter.<\/p>\n<p>[\/et_pb_text][et_pb_button button_text=&#187;Shop Online&#187; _builder_version=&#187;4.27.4&#8243; _module_preset=&#187;31b4f027-aaa0-4f2f-ae02-959764e19e4f&#187; custom_button=&#187;on&#187; button_text_size=&#187;14px&#187; button_text_color=&#187;#FFFFFF&#187; button_bg_color=&#187;#354E7C&#187; button_border_width=&#187;0px&#187; button_border_radius=&#187;0px&#187; button_font=&#187;Jost|700||on|||||&#187; custom_padding=&#187;16px|24px|16px|24px|true|true&#187; locked=&#187;off&#187; global_colors_info=&#187;{}&#187;][\/et_pb_button][\/et_pb_column][\/et_pb_row][\/et_pb_section][et_pb_section fb_built=&#187;1&#8243; admin_label=&#187;Categories&#187; _builder_version=&#187;4.18.0&#8243; _module_preset=&#187;default&#187; background_color=&#187;#FFFFFF&#187; locked=&#187;off&#187; collapsed=&#187;on&#187; global_colors_info=&#187;{}&#187;][et_pb_row column_structure=&#187;1_3,1_3,1_3&#8243; _builder_version=&#187;4.18.0&#8243; _module_preset=&#187;default&#187; global_colors_info=&#187;{}&#187;][et_pb_column type=&#187;1_3&#8243; _builder_version=&#187;4.18.0&#8243; _module_preset=&#187;default&#187; global_colors_info=&#187;{}&#187;][et_pb_image src=&#187;https:\/\/www.missticreations.ch\/wp-content\/uploads\/2025\/10\/OriginalPhoto-530554488.341042-scaled.jpg&#187; title_text=&#187;OriginalPhoto-530554488.341042&#8243; url=&#187;#&#187; _builder_version=&#187;4.27.4&#8243; _module_preset=&#187;default&#187; global_colors_info=&#187;{}&#187;][\/et_pb_image][et_pb_text _builder_version=&#187;4.27.4&#8243; _module_preset=&#187;aaa7c440-590a-4078-ae0c-0f3c699ac51c&#187; header_font=&#187;||||||||&#187; header_3_font=&#187;Libre Bodoni|700|||||||&#187; header_3_text_color=&#187;#171B20&#8243; header_3_font_size=&#187;25px&#187; header_3_line_height=&#187;1.4em&#187; custom_margin=&#187;30px||10px||false|false&#187; header_3_font_size_tablet=&#187;20px&#187; header_3_font_size_phone=&#187;16px&#187; header_3_font_size_last_edited=&#187;on|phone&#187; locked=&#187;off&#187; global_colors_info=&#187;{}&#187;]<\/p>\n<h3 data-start=\"371\" data-end=\"697\"><strong data-start=\"374\" data-end=\"397\">Handarbeit mit Herz<\/strong><\/h3>\n<p data-start=\"371\" data-end=\"697\">Jedes Amigurumi wird sorgf\u00e4ltig und mit viel Liebe gefertigt.<\/p>\n<p>[\/et_pb_text][\/et_pb_column][et_pb_column type=&#187;1_3&#8243; _builder_version=&#187;4.18.0&#8243; _module_preset=&#187;default&#187; global_colors_info=&#187;{}&#187;][et_pb_image src=&#187;https:\/\/www.missticreations.ch\/wp-content\/uploads\/2025\/10\/Billy_Bunny.jpg&#187; title_text=&#187;Billy_Bunny&#187; url=&#187;#&#187; _builder_version=&#187;4.27.4&#8243; _module_preset=&#187;default&#187; global_colors_info=&#187;{}&#187;][\/et_pb_image][et_pb_text _builder_version=&#187;4.27.4&#8243; _module_preset=&#187;aaa7c440-590a-4078-ae0c-0f3c699ac51c&#187; header_font=&#187;||||||||&#187; header_3_font=&#187;Libre Bodoni|700|||||||&#187; header_3_text_color=&#187;#171B20&#8243; header_3_font_size=&#187;25px&#187; header_3_line_height=&#187;1.4em&#187; custom_margin=&#187;30px||10px||false|false&#187; header_3_font_size_tablet=&#187;20px&#187; header_3_font_size_phone=&#187;16px&#187; header_3_font_size_last_edited=&#187;on|phone&#187; locked=&#187;off&#187; global_colors_info=&#187;{}&#187;]<\/p>\n<h3 data-start=\"371\" data-end=\"697\"><strong data-start=\"467\" data-end=\"483\">Pflegeleicht<\/strong><\/h3>\n<p data-start=\"371\" data-end=\"697\">Die Tierchen k\u00f6nnen problemlos bei 30 \u00b0C gewaschen werden.<\/p>\n<p>[\/et_pb_text][\/et_pb_column][et_pb_column type=&#187;1_3&#8243; _builder_version=&#187;4.18.0&#8243; _module_preset=&#187;default&#187; global_colors_info=&#187;{}&#187;][et_pb_image src=&#187;https:\/\/www.missticreations.ch\/wp-content\/uploads\/2025\/10\/special_Edition.png&#187; title_text=&#187;special_Edition&#187; url=&#187;#&#187; _builder_version=&#187;4.27.4&#8243; _module_preset=&#187;default&#187; global_colors_info=&#187;{}&#187;][\/et_pb_image][et_pb_text _builder_version=&#187;4.27.4&#8243; _module_preset=&#187;aaa7c440-590a-4078-ae0c-0f3c699ac51c&#187; header_font=&#187;||||||||&#187; header_3_font=&#187;Libre Bodoni|700|||||||&#187; header_3_text_color=&#187;#171B20&#8243; header_3_font_size=&#187;25px&#187; header_3_line_height=&#187;1.4em&#187; custom_margin=&#187;30px||10px||false|false&#187; header_3_font_size_tablet=&#187;20px&#187; header_3_font_size_phone=&#187;16px&#187; header_3_font_size_last_edited=&#187;on|phone&#187; locked=&#187;off&#187; global_colors_info=&#187;{}&#187;]<\/p>\n<h3 data-start=\"371\" data-end=\"697\"><strong data-start=\"550\" data-end=\"569\">Mit gutem Zweck<\/strong><\/h3>\n<p data-start=\"371\" data-end=\"697\">Ein grosser Teil des Erl\u00f6ses geht an die Stiftung Theodora und das SAZ Burgdorf, um Freude und Unterst\u00fctzung weiterzugeben.<\/p>\n<p>[\/et_pb_text][\/et_pb_column][\/et_pb_row][et_pb_row _builder_version=&#187;4.27.4&#8243; _module_preset=&#187;default&#187; global_colors_info=&#187;{}&#187;][et_pb_column type=&#187;4_4&#8243; _builder_version=&#187;4.27.4&#8243; _module_preset=&#187;default&#187; global_colors_info=&#187;{}&#187;][et_pb_text _builder_version=&#187;4.27.4&#8243; _module_preset=&#187;default&#187; global_colors_info=&#187;{}&#187;]<\/p>\n<p data-start=\"699\" data-end=\"870\">St\u00f6bere durch die Sammlung und entdecke dein neues Lieblingsst\u00fcck \u2013 ein Amigurumi, das nicht nur dich gl\u00fccklich macht, sondern auch anderen Menschen ein L\u00e4cheln schenkt<\/p>\n<p>[\/et_pb_text][\/et_pb_column][\/et_pb_row][\/et_pb_section][et_pb_section fb_built=&#187;1&#8243; admin_label=&#187;Products&#187; _builder_version=&#187;4.18.0&#8243; _module_preset=&#187;default&#187; background_color=&#187;#F9F6F5&#8243; custom_padding=&#187;||||false|false&#187; saved_tabs=&#187;all&#187; locked=&#187;off&#187; collapsed=&#187;on&#187; global_colors_info=&#187;{}&#187;][et_pb_row _builder_version=&#187;4.17.4&#8243; _module_preset=&#187;default&#187; custom_padding=&#187;||0px||false|false&#187; global_colors_info=&#187;{}&#187;][et_pb_column type=&#187;4_4&#8243; _builder_version=&#187;4.17.4&#8243; _module_preset=&#187;default&#187; global_colors_info=&#187;{}&#187;][et_pb_text _builder_version=&#187;4.17.4&#8243; _module_preset=&#187;b327cbe4-b1d5-4b66-ad37-40c8f2f061ba&#187; header_2_font=&#187;Libre Bodoni|700|||||||&#187; header_2_text_color=&#187;#171B20&#8243; header_2_font_size=&#187;48px&#187; header_2_line_height=&#187;1.2em&#187; custom_margin=&#187;||||false|false&#187; header_2_font_size_tablet=&#187;32px&#187; header_2_font_size_phone=&#187;20px&#187; header_2_font_size_last_edited=&#187;on|desktop&#187; global_colors_info=&#187;{}&#187;]<\/p>\n<h2>New Arrivals<\/h2>\n<p>[\/et_pb_text][et_pb_shop posts_number=&#187;8&#8243; columns_number=&#187;3&#8243; orderby=&#187;date-desc&#187; icon_hover_color=&#187;#354E7C&#187; _builder_version=&#187;4.27.4&#8243; _module_preset=&#187;04697718-abb9-4101-afd5-30c709e3ed0a&#187; title_font=&#187;Jost|700|||||||&#187; title_font_size=&#187;19px&#187; title_line_height=&#187;1.4em&#187; price_font=&#187;Jost||||||||&#187; price_text_color=&#187;#6A717C&#187; price_font_size=&#187;17px&#187; price_line_height=&#187;1.6em&#187; custom_margin=&#187;||||false|false&#187; custom_padding=&#187;||||false|false&#187; locked=&#187;off&#187; global_colors_info=&#187;{}&#187;][\/et_pb_shop][\/et_pb_column][\/et_pb_row][\/et_pb_section][et_pb_section fb_built=&#187;1&#8243; admin_label=&#187;Testimonials&#187; _builder_version=&#187;4.17.4&#8243; _module_preset=&#187;default&#187; background_color=&#187;#F9F6F5&#8243; saved_tabs=&#187;all&#187; collapsed=&#187;on&#187; global_colors_info=&#187;{}&#187;][et_pb_row _builder_version=&#187;4.17.4&#8243; _module_preset=&#187;default&#187; global_colors_info=&#187;{}&#187;][et_pb_column type=&#187;4_4&#8243; _builder_version=&#187;4.17.4&#8243; _module_preset=&#187;default&#187; global_colors_info=&#187;{}&#187;][et_pb_text _builder_version=&#187;4.17.4&#8243; _module_preset=&#187;b327cbe4-b1d5-4b66-ad37-40c8f2f061ba&#187; header_2_font=&#187;Libre Bodoni|700|||||||&#187; header_2_text_color=&#187;#171B20&#8243; header_2_font_size=&#187;48px&#187; header_2_line_height=&#187;1.2em&#187; text_orientation=&#187;center&#187; custom_margin=&#187;||||false|false&#187; header_2_font_size_tablet=&#187;32px&#187; header_2_font_size_phone=&#187;20px&#187; header_2_font_size_last_edited=&#187;on|desktop&#187; locked=&#187;off&#187; global_colors_info=&#187;{}&#187;]<\/p>\n<h2>Testimonials<\/h2>\n<p>[\/et_pb_text][et_pb_slider arrows_custom_color=&#187;#171B20&#8243; dot_nav_custom_color=&#187;#171B20&#8243; _builder_version=&#187;4.27.4&#8243; _module_preset=&#187;80fab3d2-bf90-45a0-bcfa-05a610f15b23&#8243; header_font=&#187;Jost||||||||&#187; header_text_color=&#187;#eac989&#8243; header_letter_spacing=&#187;2px&#187; body_font=&#187;Libre Bodoni|700|||||||&#187; body_text_color=&#187;#171B20&#8243; body_font_size=&#187;25px&#187; body_line_height=&#187;1.4em&#187; background_color=&#187;RGBA(255,255,255,0)&#187; custom_button=&#187;on&#187; button_text_size=&#187;14px&#187; button_text_color=&#187;#FFFFFF&#187; button_bg_color=&#187;#354E7C&#187; button_border_width=&#187;0px&#187; button_border_radius=&#187;0px&#187; button_font=&#187;Jost|700||on|||||&#187; button_custom_padding=&#187;16px|24px|16px|24px|true|true&#187; custom_padding=&#187;5%||10%||false|false&#187; custom_padding_tablet=&#187;||20%||false|false&#187; custom_padding_phone=&#187;||30%||false|false&#187; custom_padding_last_edited=&#187;on|phone&#187; body_font_size_tablet=&#187;20px&#187; body_font_size_phone=&#187;15px&#187; body_font_size_last_edited=&#187;on|phone&#187; header_text_shadow_style=&#187;preset1&#8243; header_text_shadow_color=&#187;RGBA(255,255,255,0)&#187; body_text_shadow_style=&#187;preset1&#8243; body_text_shadow_color=&#187;RGBA(255,255,255,0)&#187; locked=&#187;off&#187; global_colors_info=&#187;{}&#187;][et_pb_slide heading=&#187;\u2605\u2605\u2605\u2605\u2605&#187; _builder_version=&#187;4.27.4&#8243; _module_preset=&#187;default&#187; locked=&#187;off&#187; global_colors_info=&#187;{}&#187; sticky_transition=&#187;on&#187;]<\/p>\n<p><strong data-start=\"286\" data-end=\"454\">\u201eMein Amigurumi ist einfach zauberhaft! Man sp\u00fcrt die Liebe zum Detail, und es ist so sch\u00f6n zu wissen, dass mit meinem Kauf auch noch etwas Gutes unterst\u00fctzt wird.\u201c<\/strong><br data-start=\"454\" data-end=\"457\" \/>\u2013 Sarah M.<\/p>\n<p>[\/et_pb_slide][et_pb_slide heading=&#187;\u2605\u2605\u2605\u2605\u2605&#187; _builder_version=&#187;4.27.4&#8243; _module_preset=&#187;default&#187; locked=&#187;off&#187; global_colors_info=&#187;{}&#187; sticky_transition=&#187;on&#187;]<\/p>\n<p><strong data-start=\"484\" data-end=\"649\">\u201eDie Qualit\u00e4t ist top! Unser Sohn liebt sein geh\u00e4keltes Tierchen und schleppt es \u00fcberall mit hin. Praktisch finde ich, dass man es sogar bei 30 \u00b0C waschen kann.\u201c<\/strong><br data-start=\"649\" data-end=\"652\" \/>\u2013 Daniela M.<\/p>\n<p>[\/et_pb_slide][et_pb_slide heading=&#187;\u2605\u2605\u2605\u2605\u2605&#187; _builder_version=&#187;4.27.4&#8243; _module_preset=&#187;default&#187; locked=&#187;off&#187; global_colors_info=&#187;{}&#187; sticky_transition=&#187;on&#187;]<\/p>\n<p><strong data-start=\"681\" data-end=\"824\">\u201eEinzigartig und sinnvoll zugleich \u2013 mein Amigurumi macht mich jeden Tag gl\u00fccklich, und der soziale Gedanke dahinter \u00fcberzeugt mich total.\u201c<\/strong><br data-start=\"824\" data-end=\"827\" \/>\u2013 Martin M.<\/p>\n<p>[\/et_pb_slide][\/et_pb_slider][\/et_pb_column][\/et_pb_row][\/et_pb_section][et_pb_section fb_built=&#187;1&#8243; admin_label=&#187;Call to Action&#187; _builder_version=&#187;4.27.4&#8243; _module_preset=&#187;default&#187; use_background_color_gradient=&#187;on&#187; background_color_gradient_stops=&#187;#354e7c 0%|rgba(53,78,124,0) 100%&#187; background_color_gradient_overlays_image=&#187;on&#187; background_image=&#187;https:\/\/www.missticreations.ch\/wp-content\/uploads\/2025\/10\/Elch_04.jpeg&#187; background_position=&#187;bottom_center&#187; custom_padding=&#187;10%||10%||true|false&#187; collapsed=&#187;on&#187; global_colors_info=&#187;{}&#187;][et_pb_row _builder_version=&#187;4.17.4&#8243; _module_preset=&#187;default&#187; max_width=&#187;750px&#187; global_colors_info=&#187;{}&#187;][et_pb_column type=&#187;4_4&#8243; _builder_version=&#187;4.17.4&#8243; _module_preset=&#187;default&#187; global_colors_info=&#187;{}&#187;][et_pb_text _builder_version=&#187;4.27.4&#8243; _module_preset=&#187;b327cbe4-b1d5-4b66-ad37-40c8f2f061ba&#187; header_2_font=&#187;Libre Bodoni|700|||||||&#187; header_2_text_color=&#187;#FFFFFF&#187; header_2_font_size=&#187;48px&#187; header_2_line_height=&#187;1.2em&#187; text_orientation=&#187;center&#187; custom_margin=&#187;||||false|false&#187; header_2_font_size_tablet=&#187;32px&#187; header_2_font_size_phone=&#187;20px&#187; header_2_font_size_last_edited=&#187;on|desktop&#187; global_colors_info=&#187;{}&#187;]<\/p>\n<h2>Kaufe heute mit 10% auf alle B\u00e4ren<\/h2>\n<p>[\/et_pb_text][et_pb_button button_url=&#187;https:\/\/www.missticreations.ch\/?product_cat=baeren&#187; button_text=&#187;Shop Sale&#187; button_alignment=&#187;center&#187; _builder_version=&#187;4.27.4&#8243; _module_preset=&#187;f489fdc3-bf1e-40c7-852b-c42851d4acb9&#8243; custom_button=&#187;on&#187; button_text_size=&#187;14px&#187; button_text_color=&#187;#171B20&#8243; button_bg_color=&#187;#FFFFFF&#187; button_border_width=&#187;0px&#187; button_border_radius=&#187;0px&#187; button_font=&#187;Jost|700||on|||||&#187; custom_padding=&#187;16px|24px|16px|24px|true|true&#187; hover_enabled=&#187;0&#8243; global_colors_info=&#187;{}&#187; sticky_enabled=&#187;0&#8243;][\/et_pb_button][\/et_pb_column][\/et_pb_row][\/et_pb_section]<\/p>\n","protected":false},"excerpt":{"rendered":"<p>Miss Ti CreationsHier findest du liebevoll von Hand geh\u00e4kelte Amigurumis \u2013 jedes St\u00fcck ist ein Unikat mit ganz eigenem Charakter.Handarbeit mit Herz Jedes Amigurumi wird sorgf\u00e4ltig und mit viel Liebe gefertigt.Pflegeleicht Die Tierchen k\u00f6nnen problemlos bei 30 \u00b0C gewaschen werden.Mit gutem Zweck Ein grosser Teil des Erl\u00f6ses geht an die Stiftung Theodora und das SAZ [&hellip;]<\/p>\n","protected":false},"author":1,"featured_media":99,"parent":0,"menu_order":0,"comment_status":"closed","ping_status":"closed","template":"","meta":{"_et_pb_use_builder":"on","_et_pb_old_content":"<!-- wp:paragraph -->\n<p>This is an example page. It's different from a blog post because it will stay in one place and will show up in your site navigation (in most themes). Most people start with an About page that introduces them to potential site visitors. It might say something like this:<\/p>\n<!-- \/wp:paragraph -->\n\n<!-- wp:quote -->\n<blockquote class=\"wp-block-quote\"><p>Hi there! I'm a bike messenger by day, aspiring actor by night, and this is my website. I live in Los Angeles, have a great dog named Jack, and I like pi&#241;a coladas. (And gettin' caught in the rain.)<\/p><\/blockquote>\n<!-- \/wp:quote -->\n\n<!-- wp:paragraph -->\n<p>...or something like this:<\/p>\n<!-- \/wp:paragraph -->\n\n<!-- wp:quote -->\n<blockquote class=\"wp-block-quote\"><p>The XYZ Doohickey Company was founded in 1971, and has been providing quality doohickeys to the public ever since. Located in Gotham City, XYZ employs over 2,000 people and does all kinds of awesome things for the Gotham community.<\/p><\/blockquote>\n<!-- \/wp:quote -->\n\n<!-- wp:paragraph -->\n<p>As a new WordPress user, you should go to <a href=\"https:\/\/www.missticreations.ch\/wp-admin\/\">your dashboard<\/a> to delete this page and create new pages for your content. Have fun!<\/p>\n<!-- \/wp:paragraph -->","_et_gb_content_width":"","footnotes":""},"class_list":["post-2","page","type-page","status-publish","has-post-thumbnail","hentry"],"jetpack_sharing_enabled":true,"_links":{"self":[{"href":"https:\/\/www.missticreations.ch\/index.php?rest_route=\/wp\/v2\/pages\/2","targetHints":{"allow":["GET"]}}],"collection":[{"href":"https:\/\/www.missticreations.ch\/index.php?rest_route=\/wp\/v2\/pages"}],"about":[{"href":"https:\/\/www.missticreations.ch\/index.php?rest_route=\/wp\/v2\/types\/page"}],"author":[{"embeddable":true,"href":"https:\/\/www.missticreations.ch\/index.php?rest_route=\/wp\/v2\/users\/1"}],"replies":[{"embeddable":true,"href":"https:\/\/www.missticreations.ch\/index.php?rest_route=%2Fwp%2Fv2%2Fcomments&post=2"}],"version-history":[{"count":7,"href":"https:\/\/www.missticreations.ch\/index.php?rest_route=\/wp\/v2\/pages\/2\/revisions"}],"predecessor-version":[{"id":231,"href":"https:\/\/www.missticreations.ch\/index.php?rest_route=\/wp\/v2\/pages\/2\/revisions\/231"}],"wp:featuredmedia":[{"embeddable":true,"href":"https:\/\/www.missticreations.ch\/index.php?rest_route=\/wp\/v2\/media\/99"}],"wp:attachment":[{"href":"https:\/\/www.missticreations.ch\/index.php?rest_route=%2Fwp%2Fv2%2Fmedia&parent=2"}],"curies":[{"name":"wp","href":"https:\/\/api.w.org\/{rel}","templated":true}]}}