{"id":20,"date":"2025-10-02T09:00:19","date_gmt":"2025-10-02T09:00:19","guid":{"rendered":"https:\/\/www.missticreations.ch\/?page_id=20"},"modified":"2025-10-02T16:26:44","modified_gmt":"2025-10-02T16:26:44","slug":"20-2","status":"publish","type":"page","link":"https:\/\/www.missticreations.ch\/?page_id=20","title":{"rendered":"\u00dcber Miss Ti Creations"},"content":{"rendered":"<p>[et_pb_section fb_built=&#187;1&#8243; admin_label=&#187;About&#187; _builder_version=&#187;4.18.0&#8243; _module_preset=&#187;default&#187; background_color=&#187;#F9F6F5&#8243; background_image=&#187;https:\/\/www.missticreations.ch\/wp-content\/uploads\/2025\/10\/toy-store-3.png&#187; background_size=&#187;contain&#187; background_position=&#187;top_center&#187; global_colors_info=&#187;{}&#187;][et_pb_row _builder_version=&#187;4.17.4&#8243; _module_preset=&#187;default&#187; global_colors_info=&#187;{}&#187;][et_pb_column type=&#187;4_4&#8243; _builder_version=&#187;4.17.4&#8243; _module_preset=&#187;default&#187; global_colors_info=&#187;{}&#187;][et_pb_text _builder_version=&#187;4.27.4&#8243; _module_preset=&#187;c16985e1-e0d6-4022-964d-e2bfc04fa633&#8243; header_font=&#187;Libre Bodoni|700|||||||&#187; header_text_color=&#187;#171B20&#8243; header_font_size=&#187;75px&#187; header_line_height=&#187;1.2em&#187; header_font_size_tablet=&#187;40px&#187; header_font_size_phone=&#187;24px&#187; header_font_size_last_edited=&#187;on|desktop&#187; global_colors_info=&#187;{}&#187;]<\/p>\n<h1>\u00dcber Miss Ti Creations<\/h1>\n<p>[\/et_pb_text][\/et_pb_column][\/et_pb_row][et_pb_row column_structure=&#187;1_2,1_2&#8243; _builder_version=&#187;4.17.4&#8243; _module_preset=&#187;default&#187; global_colors_info=&#187;{}&#187;][et_pb_column type=&#187;1_2&#8243; _builder_version=&#187;4.17.4&#8243; _module_preset=&#187;default&#187; global_colors_info=&#187;{}&#187;][et_pb_image src=&#187;https:\/\/www.missticreations.ch\/wp-content\/uploads\/2025\/10\/toy-store-9b.png&#187; title_text=&#187;OriginalPhoto-530554495.496076 1&#8243; _builder_version=&#187;4.27.4&#8243; _module_preset=&#187;default&#187; background_image=&#187;https:\/\/www.missticreations.ch\/wp-content\/uploads\/2025\/10\/OriginalPhoto-530554495.496076-1-scaled.jpg&#187; parallax=&#187;on&#187; max_width_tablet=&#187;300px&#187; max_width_phone=&#187;300px&#187; max_width_last_edited=&#187;on|tablet&#187; scroll_vertical_motion_enable=&#187;on&#187; scroll_vertical_motion=&#187;0|50|50|100|1|0|-1&#8243; global_colors_info=&#187;{}&#187;][\/et_pb_image][\/et_pb_column][et_pb_column type=&#187;1_2&#8243; _builder_version=&#187;4.17.4&#8243; _module_preset=&#187;default&#187; custom_padding=&#187;5%||||false|false&#187; global_colors_info=&#187;{}&#187;][et_pb_text _builder_version=&#187;4.27.4&#8243; _module_preset=&#187;b327cbe4-b1d5-4b66-ad37-40c8f2f061ba&#187; header_2_font=&#187;Libre Bodoni|700|||||||&#187; header_2_text_color=&#187;#171B20&#8243; header_2_font_size=&#187;48px&#187; header_2_line_height=&#187;1.2em&#187; custom_margin=&#187;||||false|false&#187; header_2_font_size_tablet=&#187;32px&#187; header_2_font_size_phone=&#187;20px&#187; header_2_font_size_last_edited=&#187;on|desktop&#187; global_colors_info=&#187;{}&#187;]<\/p>\n<h2>Meine Amigurumis<\/h2>\n<p>[\/et_pb_text][et_pb_text _builder_version=&#187;4.27.4&#8243; _module_preset=&#187;1f09816e-184e-4ce5-a4cf-b39c52c423ca&#187; text_font=&#187;Jost||||||||&#187; text_text_color=&#187;rgba(0,0,0,0.58)&#187; text_font_size=&#187;20px&#187; text_line_height=&#187;1.6em&#187; text_font_size_tablet=&#187;15px&#187; text_font_size_phone=&#187;14px&#187; text_font_size_last_edited=&#187;on|phone&#187; header_font_size_tablet=&#187;55px&#187; header_font_size_last_edited=&#187;off|desktop&#187; global_colors_info=&#187;{}&#187;]<\/p>\n<p data-start=\"104\" data-end=\"217\">Ich h\u00e4kle seit vielen Jahren Amigurumis \u2013 jedes einzelne entsteht in liebevoller Handarbeit und ist ein Unikat.<\/p>\n<p data-start=\"219\" data-end=\"577\">Mir ist es wichtig, mit meiner Arbeit nicht nur Freude zu schenken, sondern auch etwas zur\u00fcckzugeben. Darum spende ich den gr\u00f6ssten Teil des Erl\u00f6ses, zum Beispiel an die <a href=\"https:\/\/theodora.ch\/de\" target=\"_blank\" rel=\"noopener\" title=\"Stiftung Theodora\"><strong data-start=\"389\" data-end=\"410\">Stiftung Theodora<\/strong><\/a>, die Kindern im Spital mit Clown-Besuchen ein L\u00e4cheln schenkt, sowie an das <a href=\"https:\/\/www.sazburgdorf.ch\/\" target=\"_blank\" rel=\"noopener\" title=\"SAZ Burgdorf\"><strong data-start=\"487\" data-end=\"503\">SAZ Burgdorf<\/strong><\/a>, ein Schulungs- und Arbeitszentrum f\u00fcr Menschen mit Beeintr\u00e4chtigungen.<\/p>\n<p data-start=\"579\" data-end=\"689\">So steckt in jedem meiner Amigurumis nicht nur Herzblut und Kreativit\u00e4t, sondern auch ein St\u00fcck Solidarit\u00e4t.<\/p>\n<p>[\/et_pb_text][\/et_pb_column][\/et_pb_row][\/et_pb_section][et_pb_section fb_built=&#187;1&#8243; admin_label=&#187;Features&#187; _builder_version=&#187;4.17.4&#8243; _module_preset=&#187;default&#187; background_color=&#187;#F9F6F5&#8243; global_colors_info=&#187;{}&#187;][et_pb_row custom_padding_last_edited=&#187;on|phone&#187; _builder_version=&#187;4.17.4&#8243; _module_preset=&#187;default&#187; background_color=&#187;#354E7C&#187; custom_padding=&#187;40px|40px|0px|40px|false|true&#187; custom_padding_tablet=&#187;30px|30px|0px|30px|false|true&#187; custom_padding_phone=&#187;20px|20px|0px|20px|false|true&#187; global_colors_info=&#187;{}&#187;][et_pb_column type=&#187;4_4&#8243; _builder_version=&#187;4.17.4&#8243; _module_preset=&#187;default&#187; global_colors_info=&#187;{}&#187;][et_pb_text _builder_version=&#187;4.27.4&#8243; _module_preset=&#187;b327cbe4-b1d5-4b66-ad37-40c8f2f061ba&#187; header_2_font=&#187;Libre Bodoni|700|||||||&#187; header_2_text_color=&#187;#FFFFFF&#187; header_2_font_size=&#187;48px&#187; header_2_line_height=&#187;1.2em&#187; text_orientation=&#187;center&#187; custom_margin=&#187;||||false|false&#187; header_2_font_size_tablet=&#187;32px&#187; header_2_font_size_phone=&#187;20px&#187; header_2_font_size_last_edited=&#187;on|desktop&#187; global_colors_info=&#187;{}&#187;]<\/p>\n<h2 data-start=\"154\" data-end=\"196\">Darum ein Amigurumi von mir<\/h2>\n<p>[\/et_pb_text][\/et_pb_column][\/et_pb_row][et_pb_row column_structure=&#187;1_3,1_3,1_3&#8243; custom_padding_last_edited=&#187;on|phone&#187; _builder_version=&#187;4.17.4&#8243; _module_preset=&#187;default&#187; background_color=&#187;#354E7C&#187; custom_padding=&#187;40px|40px|40px|40px|true|true&#187; custom_padding_tablet=&#187;30px|30px|30px|30px|true|true&#187; custom_padding_phone=&#187;20px|20px|20px|20px|true|true&#187; global_colors_info=&#187;{}&#187;][et_pb_column type=&#187;1_3&#8243; _builder_version=&#187;4.17.4&#8243; _module_preset=&#187;default&#187; global_colors_info=&#187;{}&#187;][et_pb_text _builder_version=&#187;4.27.4&#8243; _module_preset=&#187;4827deed-2a92-4d97-a22f-f01067ae6873&#8243; header_font=&#187;||||||||&#187; header_4_font=&#187;Jost|700|||||||&#187; header_4_text_color=&#187;#FFFFFF&#187; header_4_font_size=&#187;19px&#187; header_4_line_height=&#187;1.4em&#187; text_orientation=&#187;center&#187; custom_margin=&#187;||0px||false|false&#187; header_4_font_size_tablet=&#187;16px&#187; header_4_font_size_phone=&#187;14px&#187; header_4_font_size_last_edited=&#187;on|tablet&#187; global_colors_info=&#187;{}&#187;]<\/p>\n<h4>100% Handarbeit<\/h4>\n<p>[\/et_pb_text][et_pb_text _builder_version=&#187;4.27.4&#8243; _module_preset=&#187;1f09816e-184e-4ce5-a4cf-b39c52c423ca&#187; text_font=&#187;Jost||||||||&#187; text_text_color=&#187;#d9dde0&#8243; text_font_size=&#187;20px&#187; text_line_height=&#187;1.6em&#187; text_orientation=&#187;center&#187; text_font_size_tablet=&#187;15px&#187; text_font_size_phone=&#187;14px&#187; text_font_size_last_edited=&#187;on|phone&#187; header_font_size_tablet=&#187;55px&#187; header_font_size_last_edited=&#187;off|desktop&#187; global_colors_info=&#187;{}&#187;]<\/p>\n<p>Jedes St\u00fcck ist mit Liebe geh\u00e4kelt und ein echtes Unikat.<\/p>\n<p>[\/et_pb_text][\/et_pb_column][et_pb_column type=&#187;1_3&#8243; _builder_version=&#187;4.17.4&#8243; _module_preset=&#187;default&#187; global_colors_info=&#187;{}&#187;][et_pb_text _builder_version=&#187;4.27.4&#8243; _module_preset=&#187;4827deed-2a92-4d97-a22f-f01067ae6873&#8243; header_font=&#187;||||||||&#187; header_4_font=&#187;Jost|700|||||||&#187; header_4_text_color=&#187;#FFFFFF&#187; header_4_font_size=&#187;19px&#187; header_4_line_height=&#187;1.4em&#187; text_orientation=&#187;center&#187; custom_margin=&#187;||0px||false|false&#187; header_4_font_size_tablet=&#187;16px&#187; header_4_font_size_phone=&#187;14px&#187; header_4_font_size_last_edited=&#187;on|tablet&#187; locked=&#187;off&#187; global_colors_info=&#187;{}&#187;]<\/p>\n<h4>Pflegeleicht<\/h4>\n<p>[\/et_pb_text][et_pb_text _builder_version=&#187;4.27.4&#8243; _module_preset=&#187;1f09816e-184e-4ce5-a4cf-b39c52c423ca&#187; text_font=&#187;Jost||||||||&#187; text_text_color=&#187;#d9dde0&#8243; text_font_size=&#187;20px&#187; text_line_height=&#187;1.6em&#187; text_orientation=&#187;center&#187; text_font_size_tablet=&#187;15px&#187; text_font_size_phone=&#187;14px&#187; text_font_size_last_edited=&#187;on|phone&#187; header_font_size_tablet=&#187;55px&#187; header_font_size_last_edited=&#187;off|desktop&#187; locked=&#187;off&#187; global_colors_info=&#187;{}&#187;]<\/p>\n<p>Die Amigurumis k\u00f6nnen problemlos bei 30 \u00b0C gewaschen werden.<\/p>\n<p>[\/et_pb_text][\/et_pb_column][et_pb_column type=&#187;1_3&#8243; _builder_version=&#187;4.17.4&#8243; _module_preset=&#187;default&#187; global_colors_info=&#187;{}&#187;][et_pb_text _builder_version=&#187;4.27.4&#8243; _module_preset=&#187;4827deed-2a92-4d97-a22f-f01067ae6873&#8243; header_font=&#187;||||||||&#187; header_4_font=&#187;Jost|700|||||||&#187; header_4_text_color=&#187;#FFFFFF&#187; header_4_font_size=&#187;19px&#187; header_4_line_height=&#187;1.4em&#187; text_orientation=&#187;center&#187; custom_margin=&#187;||0px||false|false&#187; header_4_font_size_tablet=&#187;16px&#187; header_4_font_size_phone=&#187;14px&#187; header_4_font_size_last_edited=&#187;on|tablet&#187; locked=&#187;off&#187; global_colors_info=&#187;{}&#187;]<\/p>\n<h4>Soziales Engagement<\/h4>\n<p>[\/et_pb_text][et_pb_text _builder_version=&#187;4.27.4&#8243; _module_preset=&#187;1f09816e-184e-4ce5-a4cf-b39c52c423ca&#187; text_font=&#187;Jost||||||||&#187; text_text_color=&#187;#d9dde0&#8243; text_font_size=&#187;20px&#187; text_line_height=&#187;1.6em&#187; text_orientation=&#187;center&#187; text_font_size_tablet=&#187;15px&#187; text_font_size_phone=&#187;14px&#187; text_font_size_last_edited=&#187;on|phone&#187; header_font_size_tablet=&#187;55px&#187; header_font_size_last_edited=&#187;off|desktop&#187; locked=&#187;off&#187; global_colors_info=&#187;{}&#187;]<\/p>\n<p>Ein grosser Teil des Erl\u00f6ses geht an gemeinn\u00fctzige Projekte wie die Stiftung Theodora und das SAZ Burgdorf.<\/p>\n<p>[\/et_pb_text][\/et_pb_column][\/et_pb_row][\/et_pb_section]<\/p>\n","protected":false},"excerpt":{"rendered":"<p>\u00dcber Miss Ti CreationsMeine AmigurumisIch h\u00e4kle seit vielen Jahren Amigurumis \u2013 jedes einzelne entsteht in liebevoller Handarbeit und ist ein Unikat. Mir ist es wichtig, mit meiner Arbeit nicht nur Freude zu schenken, sondern auch etwas zur\u00fcckzugeben. Darum spende ich den gr\u00f6ssten Teil des Erl\u00f6ses, zum Beispiel an die Stiftung Theodora, die Kindern im Spital [&hellip;]<\/p>\n","protected":false},"author":1,"featured_media":0,"parent":0,"menu_order":0,"comment_status":"closed","ping_status":"closed","template":"","meta":{"_et_pb_use_builder":"on","_et_pb_old_content":"","_et_gb_content_width":"","footnotes":""},"class_list":["post-20","page","type-page","status-publish","hentry"],"jetpack_sharing_enabled":true,"_links":{"self":[{"href":"https:\/\/www.missticreations.ch\/index.php?rest_route=\/wp\/v2\/pages\/20","targetHints":{"allow":["GET"]}}],"collection":[{"href":"https:\/\/www.missticreations.ch\/index.php?rest_route=\/wp\/v2\/pages"}],"about":[{"href":"https:\/\/www.missticreations.ch\/index.php?rest_route=\/wp\/v2\/types\/page"}],"author":[{"embeddable":true,"href":"https:\/\/www.missticreations.ch\/index.php?rest_route=\/wp\/v2\/users\/1"}],"replies":[{"embeddable":true,"href":"https:\/\/www.missticreations.ch\/index.php?rest_route=%2Fwp%2Fv2%2Fcomments&post=20"}],"version-history":[{"count":4,"href":"https:\/\/www.missticreations.ch\/index.php?rest_route=\/wp\/v2\/pages\/20\/revisions"}],"predecessor-version":[{"id":148,"href":"https:\/\/www.missticreations.ch\/index.php?rest_route=\/wp\/v2\/pages\/20\/revisions\/148"}],"wp:attachment":[{"href":"https:\/\/www.missticreations.ch\/index.php?rest_route=%2Fwp%2Fv2%2Fmedia&parent=20"}],"curies":[{"name":"wp","href":"https:\/\/api.w.org\/{rel}","templated":true}]}}