{"id":155,"date":"2025-10-02T16:42:50","date_gmt":"2025-10-02T16:42:50","guid":{"rendered":"https:\/\/www.missticreations.ch\/?post_type=product&#038;p=155"},"modified":"2025-11-01T17:37:28","modified_gmt":"2025-11-01T15:37:28","slug":"blauer-amigurumi-baer","status":"publish","type":"product","link":"https:\/\/www.missticreations.ch\/?product=blauer-amigurumi-baer","title":{"rendered":"Blauer Amigurumi-B\u00e4r"},"content":{"rendered":"<p data-start=\"272\" data-end=\"459\">Dieser liebevoll geh\u00e4kelte Amigurumi-B\u00e4r ist ein echter Hingucker! Mit seinen grossen Knopfaugen, dem s\u00fcssen Bauchi und den langen Beinen bringt er Kinder wie Erwachsene zum Schmunzeln.<\/p>\n<p data-start=\"461\" data-end=\"601\">\u2728 <strong data-start=\"463\" data-end=\"486\">Ein Unikat mit Herz<\/strong><br data-start=\"486\" data-end=\"489\" \/>Jeder B\u00e4r wird von Hand geh\u00e4kelt \u2013 sorgf\u00e4ltig, detailverliebt und einzigartig. Kein St\u00fcck gleicht dem anderen.<\/p>\n<p data-start=\"603\" data-end=\"748\">\ud83c\udf31 <strong data-start=\"606\" data-end=\"634\">Pflegeleicht &amp; kuschelig<\/strong><br data-start=\"634\" data-end=\"637\" \/>Das Amigurumi kann bei <strong data-start=\"660\" data-end=\"669\">30 \u00b0C<\/strong> im Schonwaschgang gewaschen werden und bleibt so lange sch\u00f6n und hygienisch.<\/p>\n<p data-start=\"750\" data-end=\"977\">\ud83d\udc96 <strong data-start=\"753\" data-end=\"781\">Gutes tun mit jedem Kauf<\/strong><br data-start=\"781\" data-end=\"784\" \/>Mit dem Kauf unterst\u00fctzt du nicht nur kleine Handwerkskunst, sondern auch einen guten Zweck: Ein grosser Teil des Erl\u00f6ses wird an die <strong data-start=\"918\" data-end=\"939\">Stiftung Theodora<\/strong> und das <strong data-start=\"948\" data-end=\"964\">SAZ Burgdorf<\/strong> gespendet.<\/p>\n","protected":false},"excerpt":{"rendered":"<p>Liebevoll von Hand geh\u00e4kelter Amigurumi-B\u00e4r in Blau \ud83e\uddf8.<\/p>\n<p>Ein einzigartiges Unikat, pflegeleicht (waschbar bei 30 \u00b0C) und mit jedem Kauf unterst\u00fctzt du soziale Projekte wie die Stiftung Theodora und das SAZ Burgdorf.<\/p>\n","protected":false},"featured_media":213,"template":"","meta":{"_et_pb_use_builder":"","_et_pb_old_content":"","_et_gb_content_width":""},"product_brand":[],"product_cat":[23],"product_tag":[],"class_list":{"0":"post-155","1":"product","2":"type-product","3":"status-publish","4":"has-post-thumbnail","6":"product_cat-baeren","8":"first","9":"instock","10":"sold-individually","11":"shipping-taxable","12":"purchasable","13":"product-type-simple"},"jetpack_sharing_enabled":true,"_links":{"self":[{"href":"https:\/\/www.missticreations.ch\/index.php?rest_route=\/wp\/v2\/product\/155","targetHints":{"allow":["GET"]}}],"collection":[{"href":"https:\/\/www.missticreations.ch\/index.php?rest_route=\/wp\/v2\/product"}],"about":[{"href":"https:\/\/www.missticreations.ch\/index.php?rest_route=\/wp\/v2\/types\/product"}],"wp:featuredmedia":[{"embeddable":true,"href":"https:\/\/www.missticreations.ch\/index.php?rest_route=\/wp\/v2\/media\/213"}],"wp:attachment":[{"href":"https:\/\/www.missticreations.ch\/index.php?rest_route=%2Fwp%2Fv2%2Fmedia&parent=155"}],"wp:term":[{"taxonomy":"product_brand","embeddable":true,"href":"https:\/\/www.missticreations.ch\/index.php?rest_route=%2Fwp%2Fv2%2Fproduct_brand&post=155"},{"taxonomy":"product_cat","embeddable":true,"href":"https:\/\/www.missticreations.ch\/index.php?rest_route=%2Fwp%2Fv2%2Fproduct_cat&post=155"},{"taxonomy":"product_tag","embeddable":true,"href":"https:\/\/www.missticreations.ch\/index.php?rest_route=%2Fwp%2Fv2%2Fproduct_tag&post=155"}],"curies":[{"name":"wp","href":"https:\/\/api.w.org\/{rel}","templated":true}]}}