{"id":158,"date":"2025-10-02T16:53:24","date_gmt":"2025-10-02T16:53:24","guid":{"rendered":"https:\/\/www.missticreations.ch\/?post_type=product&#038;p=158"},"modified":"2025-10-02T16:53:24","modified_gmt":"2025-10-02T16:53:24","slug":"amigurumi-baer-luigi-mit-gruener-latzhose-und-hut","status":"publish","type":"product","link":"https:\/\/www.missticreations.ch\/?product=amigurumi-baer-luigi-mit-gruener-latzhose-und-hut","title":{"rendered":"Amigurumi-B\u00e4r Luigi mit gr\u00fcner Latzhose und Hut"},"content":{"rendered":"<p data-start=\"305\" data-end=\"551\">\u201eLuigi\u201c ist ein charmanter, handgeh\u00e4kelter Amigurumi-B\u00e4r mit grossem Herz und viel Stil. Seine gr\u00fcne Latzhose und der passende Hut machen ihn zu einem ganz besonderen Begleiter \u2013 ob als Geschenk f\u00fcr Kinder, als Dekoration oder als Sammlerst\u00fcck.<\/p>\n<p data-start=\"553\" data-end=\"678\">\u2728 <strong data-start=\"555\" data-end=\"579\">Handarbeit mit Liebe<\/strong><br data-start=\"579\" data-end=\"582\" \/>Jeder Luigi-B\u00e4r wird sorgf\u00e4ltig in liebevoller Handarbeit gefertigt und ist ein echtes Unikat.<\/p>\n<p data-start=\"680\" data-end=\"805\">\ud83c\udf31 <strong data-start=\"683\" data-end=\"699\">Pflegeleicht<\/strong><br data-start=\"699\" data-end=\"702\" \/>Der B\u00e4r kann bei <strong data-start=\"719\" data-end=\"728\">30 \u00b0C<\/strong> im Schonwaschgang gewaschen werden \u2013 ideal f\u00fcr Kinderh\u00e4nde und den Alltag.<\/p>\n<p data-start=\"807\" data-end=\"1010\">\ud83d\udc96 <strong data-start=\"810\" data-end=\"835\">F\u00fcr einen guten Zweck<\/strong><br data-start=\"835\" data-end=\"838\" \/>Mit jedem Kauf unterst\u00fctzt du soziale Projekte wie die <strong data-start=\"893\" data-end=\"914\">Stiftung Theodora<\/strong> und das <strong data-start=\"923\" data-end=\"939\">SAZ Burgdorf<\/strong>. So steckt in Luigi nicht nur Kreativit\u00e4t, sondern auch Solidarit\u00e4t.<\/p>\n","protected":false},"excerpt":{"rendered":"<p>\u2714 100 % Handarbeit \u2013 jedes Detail geh\u00e4kelt<br data-start=\"1410\" data-end=\"1413\" \/>\u2714 Pflegeleicht &amp; langlebig<br data-start=\"1439\" data-end=\"1442\" \/>\u2714 Perfekt als Geschenk f\u00fcr Gross &amp; Klein<br data-start=\"1482\" data-end=\"1485\" \/>\u2714 Unterst\u00fctzt soziale Projekte<\/p>\n","protected":false},"featured_media":159,"template":"","meta":{"_et_pb_use_builder":"","_et_pb_old_content":"","_et_gb_content_width":""},"product_brand":[],"product_cat":[23],"product_tag":[],"class_list":{"0":"post-158","1":"product","2":"type-product","3":"status-publish","4":"has-post-thumbnail","6":"product_cat-baeren","8":"first","9":"instock","10":"sale","11":"sold-individually","12":"shipping-taxable","13":"purchasable","14":"product-type-simple"},"jetpack_sharing_enabled":true,"_links":{"self":[{"href":"https:\/\/www.missticreations.ch\/index.php?rest_route=\/wp\/v2\/product\/158","targetHints":{"allow":["GET"]}}],"collection":[{"href":"https:\/\/www.missticreations.ch\/index.php?rest_route=\/wp\/v2\/product"}],"about":[{"href":"https:\/\/www.missticreations.ch\/index.php?rest_route=\/wp\/v2\/types\/product"}],"wp:featuredmedia":[{"embeddable":true,"href":"https:\/\/www.missticreations.ch\/index.php?rest_route=\/wp\/v2\/media\/159"}],"wp:attachment":[{"href":"https:\/\/www.missticreations.ch\/index.php?rest_route=%2Fwp%2Fv2%2Fmedia&parent=158"}],"wp:term":[{"taxonomy":"product_brand","embeddable":true,"href":"https:\/\/www.missticreations.ch\/index.php?rest_route=%2Fwp%2Fv2%2Fproduct_brand&post=158"},{"taxonomy":"product_cat","embeddable":true,"href":"https:\/\/www.missticreations.ch\/index.php?rest_route=%2Fwp%2Fv2%2Fproduct_cat&post=158"},{"taxonomy":"product_tag","embeddable":true,"href":"https:\/\/www.missticreations.ch\/index.php?rest_route=%2Fwp%2Fv2%2Fproduct_tag&post=158"}],"curies":[{"name":"wp","href":"https:\/\/api.w.org\/{rel}","templated":true}]}}