{"id":160,"date":"2025-10-02T17:01:19","date_gmt":"2025-10-02T17:01:19","guid":{"rendered":"https:\/\/www.missticreations.ch\/?post_type=product&#038;p=160"},"modified":"2025-11-01T17:37:28","modified_gmt":"2025-11-01T15:37:28","slug":"amigurumi-baer-mario-mit-roter-latzhose-und-muetze","status":"publish","type":"product","link":"https:\/\/www.missticreations.ch\/?product=amigurumi-baer-mario-mit-roter-latzhose-und-muetze","title":{"rendered":"Amigurumi-B\u00e4r Mario mit roter Latzhose und M\u00fctze"},"content":{"rendered":"<p data-start=\"276\" data-end=\"531\">Lerne <strong data-start=\"282\" data-end=\"291\">Mario<\/strong> kennen \u2013 ein charmanter Amigurumi-B\u00e4r, der mit seiner roten Latzhose und der passenden M\u00fctze sofort alle Herzen erobert. Ob als Geschenk, Sammlerst\u00fcck oder Kuschelfreund: Mario ist ein echter Blickfang und bringt Freude in jedes Zuhause.<\/p>\n<p data-start=\"533\" data-end=\"688\">\u2728 <strong data-start=\"535\" data-end=\"558\">Handarbeit mit Herz<\/strong><br data-start=\"558\" data-end=\"561\" \/>Jeder Mario-B\u00e4r wird liebevoll in sorgf\u00e4ltiger Handarbeit geh\u00e4kelt \u2013 ein echtes Einzelst\u00fcck, das es so kein zweites Mal gibt.<\/p>\n<p data-start=\"690\" data-end=\"817\">\ud83c\udf31 <strong data-start=\"693\" data-end=\"721\">Pflegeleicht &amp; langlebig<\/strong><br data-start=\"721\" data-end=\"724\" \/>Mario kann bei <strong data-start=\"739\" data-end=\"748\">30 \u00b0C<\/strong> im Schonwaschgang gewaschen werden und bleibt dabei sch\u00f6n in Form.<\/p>\n<p data-start=\"819\" data-end=\"984\">\ud83d\udc96 <strong data-start=\"822\" data-end=\"843\">Ein Kauf mit Sinn<\/strong><br data-start=\"843\" data-end=\"846\" \/>Mit jedem Kauf unterst\u00fctzt du soziale Projekte: Ein grosser Teil des Erl\u00f6ses geht an die <strong data-start=\"935\" data-end=\"956\">Stiftung Theodora<\/strong> und das <strong data-start=\"965\" data-end=\"981\">SAZ Burgdorf<\/strong>.<\/p>\n","protected":false},"excerpt":{"rendered":"<p>Amigurumi-B\u00e4r <strong data-start=\"2081\" data-end=\"2090\">Mario<\/strong> \ud83e\uddf8\u2764\ufe0f \u2013 liebevoll von Hand geh\u00e4kelt, mit roter Latzhose &amp; M\u00fctze. Waschbar bei 30 \u00b0C. Jeder Kauf unterst\u00fctzt soziale Projekte.<\/p>\n","protected":false},"featured_media":162,"template":"","meta":{"_et_pb_use_builder":"","_et_pb_old_content":"","_et_gb_content_width":""},"product_brand":[],"product_cat":[23],"product_tag":[27,26],"class_list":{"0":"post-160","1":"product","2":"type-product","3":"status-publish","4":"has-post-thumbnail","6":"product_cat-baeren","7":"product_tag-amigurumi","8":"product_tag-baeren","10":"first","11":"instock","12":"sold-individually","13":"shipping-taxable","14":"purchasable","15":"product-type-simple"},"jetpack_sharing_enabled":true,"_links":{"self":[{"href":"https:\/\/www.missticreations.ch\/index.php?rest_route=\/wp\/v2\/product\/160","targetHints":{"allow":["GET"]}}],"collection":[{"href":"https:\/\/www.missticreations.ch\/index.php?rest_route=\/wp\/v2\/product"}],"about":[{"href":"https:\/\/www.missticreations.ch\/index.php?rest_route=\/wp\/v2\/types\/product"}],"wp:featuredmedia":[{"embeddable":true,"href":"https:\/\/www.missticreations.ch\/index.php?rest_route=\/wp\/v2\/media\/162"}],"wp:attachment":[{"href":"https:\/\/www.missticreations.ch\/index.php?rest_route=%2Fwp%2Fv2%2Fmedia&parent=160"}],"wp:term":[{"taxonomy":"product_brand","embeddable":true,"href":"https:\/\/www.missticreations.ch\/index.php?rest_route=%2Fwp%2Fv2%2Fproduct_brand&post=160"},{"taxonomy":"product_cat","embeddable":true,"href":"https:\/\/www.missticreations.ch\/index.php?rest_route=%2Fwp%2Fv2%2Fproduct_cat&post=160"},{"taxonomy":"product_tag","embeddable":true,"href":"https:\/\/www.missticreations.ch\/index.php?rest_route=%2Fwp%2Fv2%2Fproduct_tag&post=160"}],"curies":[{"name":"wp","href":"https:\/\/api.w.org\/{rel}","templated":true}]}}