{"id":168,"date":"2025-10-02T17:40:19","date_gmt":"2025-10-02T17:40:19","guid":{"rendered":"https:\/\/www.missticreations.ch\/?post_type=product&#038;p=168"},"modified":"2025-10-02T17:42:08","modified_gmt":"2025-10-02T17:42:08","slug":"amigurumi-tiger-stripe","status":"publish","type":"product","link":"https:\/\/www.missticreations.ch\/?product=amigurumi-tiger-stripe","title":{"rendered":"Amigurumi-Tiger \u201eStripe\u201c"},"content":{"rendered":"<p data-start=\"309\" data-end=\"566\">Hier kommt <strong data-start=\"320\" data-end=\"330\">Stripe<\/strong> \u2013 ein frecher, gestreifter Amigurumi-Tiger, der mit seinem auff\u00e4lligen gelb-schwarzen Muster sofort gute Laune verbreitet. Ob als Geschenk, Sammlerst\u00fcck oder kuscheliger Begleiter: Stripe ist ein echtes Highlight f\u00fcr Gross und Klein.<\/p>\n<p data-start=\"568\" data-end=\"695\">\u2728 <strong data-start=\"570\" data-end=\"595\">Mit Liebe handgemacht<\/strong><br data-start=\"595\" data-end=\"598\" \/>Jeder Stripe-Tiger ist sorgf\u00e4ltig geh\u00e4kelt \u2013 detailverliebt, einzigartig und ein echtes Unikat.<\/p>\n<p data-start=\"697\" data-end=\"845\">\ud83c\udf31 <strong data-start=\"700\" data-end=\"725\">Pflegeleicht &amp; robust<\/strong><br data-start=\"725\" data-end=\"728\" \/>Das Kuscheltier kann bei <strong data-start=\"753\" data-end=\"762\">30 \u00b0C<\/strong> im Schonwaschgang gewaschen werden \u2013 perfekt f\u00fcr Kinderh\u00e4nde und f\u00fcr den Alltag.<\/p>\n<p data-start=\"847\" data-end=\"1014\">\ud83d\udc96 <strong data-start=\"850\" data-end=\"875\">Gutes tun beim Kaufen<\/strong><br data-start=\"875\" data-end=\"878\" \/>Ein grosser Teil des Erl\u00f6ses wird an die <strong data-start=\"919\" data-end=\"940\">Stiftung Theodora<\/strong> und das <strong data-start=\"949\" data-end=\"965\">SAZ Burgdorf<\/strong> gespendet. Damit bringt Stripe doppelt Freude.<\/p>\n","protected":false},"excerpt":{"rendered":"<p>\u2714 100 % Handarbeit \u2013 mit viel Liebe geh\u00e4kelt<br data-start=\"1436\" data-end=\"1439\" \/>\u2714 Einzigartiges Streifenmuster<br data-start=\"1469\" data-end=\"1472\" \/>\u2714 Waschbar &amp; pflegeleicht<br data-start=\"1497\" data-end=\"1500\" \/>\u2714 Unterst\u00fctzt soziale Projekte<\/p>\n","protected":false},"featured_media":169,"template":"","meta":{"_et_pb_use_builder":"","_et_pb_old_content":"","_et_gb_content_width":""},"product_brand":[],"product_cat":[25],"product_tag":[],"class_list":{"0":"post-168","1":"product","2":"type-product","3":"status-publish","4":"has-post-thumbnail","6":"product_cat-tiger","8":"first","9":"instock","10":"sold-individually","11":"shipping-taxable","12":"purchasable","13":"product-type-simple"},"jetpack_sharing_enabled":true,"_links":{"self":[{"href":"https:\/\/www.missticreations.ch\/index.php?rest_route=\/wp\/v2\/product\/168","targetHints":{"allow":["GET"]}}],"collection":[{"href":"https:\/\/www.missticreations.ch\/index.php?rest_route=\/wp\/v2\/product"}],"about":[{"href":"https:\/\/www.missticreations.ch\/index.php?rest_route=\/wp\/v2\/types\/product"}],"wp:featuredmedia":[{"embeddable":true,"href":"https:\/\/www.missticreations.ch\/index.php?rest_route=\/wp\/v2\/media\/169"}],"wp:attachment":[{"href":"https:\/\/www.missticreations.ch\/index.php?rest_route=%2Fwp%2Fv2%2Fmedia&parent=168"}],"wp:term":[{"taxonomy":"product_brand","embeddable":true,"href":"https:\/\/www.missticreations.ch\/index.php?rest_route=%2Fwp%2Fv2%2Fproduct_brand&post=168"},{"taxonomy":"product_cat","embeddable":true,"href":"https:\/\/www.missticreations.ch\/index.php?rest_route=%2Fwp%2Fv2%2Fproduct_cat&post=168"},{"taxonomy":"product_tag","embeddable":true,"href":"https:\/\/www.missticreations.ch\/index.php?rest_route=%2Fwp%2Fv2%2Fproduct_tag&post=168"}],"curies":[{"name":"wp","href":"https:\/\/api.w.org\/{rel}","templated":true}]}}