{"id":177,"date":"2025-10-08T17:48:54","date_gmt":"2025-10-08T17:48:54","guid":{"rendered":"https:\/\/www.missticreations.ch\/?post_type=product&#038;p=177"},"modified":"2025-10-08T18:12:28","modified_gmt":"2025-10-08T18:12:28","slug":"amigurumi-elefant-ella","status":"publish","type":"product","link":"https:\/\/www.missticreations.ch\/?product=amigurumi-elefant-ella","title":{"rendered":"Amigurumi-Elefant \u201eElla\u201c"},"content":{"rendered":"<p data-start=\"331\" data-end=\"634\">Darf ich vorstellen: <strong data-start=\"352\" data-end=\"360\">Ella<\/strong>, der violette Amigurumi-Elefant \u2013 stark, sanft und voller Charme. Mit ihren weichen Rundungen, den weissen Stossz\u00e4hnen und den niedlichen H\u00e4ngeohren ist Ella ein echter Blickfang. Sie eignet sich perfekt als Geschenk, Deko oder kuschelige Begleiterin f\u00fcr Gross und Klein.<\/p>\n<p data-start=\"636\" data-end=\"797\">\u2728 <strong data-start=\"638\" data-end=\"662\">Handarbeit mit Liebe<\/strong><br data-start=\"662\" data-end=\"665\" \/>Jeder Elefant wird sorgf\u00e4ltig in Handarbeit geh\u00e4kelt \u2013 mit grosser Sorgfalt, Kreativit\u00e4t und Herzblut. Jedes St\u00fcck ist ein Unikat.<\/p>\n<p data-start=\"799\" data-end=\"935\">\ud83c\udf31 <strong data-start=\"802\" data-end=\"830\">Pflegeleicht &amp; langlebig<\/strong><br data-start=\"830\" data-end=\"833\" \/>Ella kann bei <strong data-start=\"847\" data-end=\"856\">30 \u00b0C<\/strong> im Schonwaschgang gewaschen werden und bleibt so lange sch\u00f6n und hygienisch.<\/p>\n<p data-start=\"937\" data-end=\"1117\">\ud83d\udc96 <strong data-start=\"940\" data-end=\"961\">Ein Kauf mit Herz<\/strong><br data-start=\"961\" data-end=\"964\" \/>Ein grosser Teil des Erl\u00f6ses geht an die <strong data-start=\"1005\" data-end=\"1026\">Stiftung Theodora<\/strong> und das <strong data-start=\"1035\" data-end=\"1051\">SAZ Burgdorf<\/strong> \u2013 f\u00fcr mehr Freude und Unterst\u00fctzung im Alltag anderer Menschen.<\/p>\n","protected":false},"excerpt":{"rendered":"<p>\u2714 100 % Handarbeit \u2013 liebevoll gefertigt<br data-start=\"1514\" data-end=\"1517\" \/>\u2714 Waschbar &amp; pflegeleicht<br data-start=\"1542\" data-end=\"1545\" \/>\u2714 Stilvoll, langlebig und einzigartig<br data-start=\"1582\" data-end=\"1585\" \/>\u2714 Unterst\u00fctzt soziale Projekte<\/p>\n","protected":false},"featured_media":192,"template":"","meta":{"_et_pb_use_builder":"","_et_pb_old_content":"","_et_gb_content_width":""},"product_brand":[],"product_cat":[29],"product_tag":[27,30],"class_list":{"0":"post-177","1":"product","2":"type-product","3":"status-publish","4":"has-post-thumbnail","6":"product_cat-fantasie","7":"product_tag-amigurumi","8":"product_tag-elefant","10":"first","11":"instock","12":"sold-individually","13":"shipping-taxable","14":"purchasable","15":"product-type-simple"},"jetpack_sharing_enabled":true,"_links":{"self":[{"href":"https:\/\/www.missticreations.ch\/index.php?rest_route=\/wp\/v2\/product\/177","targetHints":{"allow":["GET"]}}],"collection":[{"href":"https:\/\/www.missticreations.ch\/index.php?rest_route=\/wp\/v2\/product"}],"about":[{"href":"https:\/\/www.missticreations.ch\/index.php?rest_route=\/wp\/v2\/types\/product"}],"wp:featuredmedia":[{"embeddable":true,"href":"https:\/\/www.missticreations.ch\/index.php?rest_route=\/wp\/v2\/media\/192"}],"wp:attachment":[{"href":"https:\/\/www.missticreations.ch\/index.php?rest_route=%2Fwp%2Fv2%2Fmedia&parent=177"}],"wp:term":[{"taxonomy":"product_brand","embeddable":true,"href":"https:\/\/www.missticreations.ch\/index.php?rest_route=%2Fwp%2Fv2%2Fproduct_brand&post=177"},{"taxonomy":"product_cat","embeddable":true,"href":"https:\/\/www.missticreations.ch\/index.php?rest_route=%2Fwp%2Fv2%2Fproduct_cat&post=177"},{"taxonomy":"product_tag","embeddable":true,"href":"https:\/\/www.missticreations.ch\/index.php?rest_route=%2Fwp%2Fv2%2Fproduct_tag&post=177"}],"curies":[{"name":"wp","href":"https:\/\/api.w.org\/{rel}","templated":true}]}}